{"id":283,"date":"2021-12-14T15:40:55","date_gmt":"2021-12-14T15:40:55","guid":{"rendered":"https:\/\/www.rodzinnawet.pl\/?page_id=283"},"modified":"2025-01-31T08:50:33","modified_gmt":"2025-01-31T08:50:33","slug":"nasi-lekarze","status":"publish","type":"page","link":"https:\/\/www.rodzinnawet.pl\/index.php\/nasi-lekarze\/","title":{"rendered":"NASI LEKARZE"},"content":{"rendered":"\t\t<div data-elementor-type=\"wp-page\" data-elementor-id=\"283\" class=\"elementor elementor-283\">\n\t\t\t\t\t\t\t\t\t<section class=\"elementor-section elementor-top-section elementor-element elementor-element-b6038a4 elementor-section-boxed elementor-section-height-default elementor-section-height-default\" data-id=\"b6038a4\" data-element_type=\"section\" data-settings=\"{&quot;background_background&quot;:&quot;classic&quot;}\">\n\t\t\t\t\t\t<div class=\"elementor-container elementor-column-gap-default\">\n\t\t\t\t\t<div class=\"elementor-column elementor-col-100 elementor-top-column elementor-element elementor-element-46d1135\" data-id=\"46d1135\" data-element_type=\"column\" data-settings=\"{&quot;background_background&quot;:&quot;classic&quot;}\">\n\t\t\t<div class=\"elementor-widget-wrap elementor-element-populated\">\n\t\t\t\t\t<div class=\"elementor-background-overlay\"><\/div>\n\t\t\t\t\t\t\t\t<div class=\"elementor-element elementor-element-69cef6b elementor-widget elementor-widget-spacer\" data-id=\"69cef6b\" data-element_type=\"widget\" data-widget_type=\"spacer.default\">\n\t\t\t\t<div class=\"elementor-widget-container\">\n\t\t\t<style>\/*! elementor - v3.8.1 - 13-11-2022 *\/\n.elementor-column .elementor-spacer-inner{height:var(--spacer-size)}.e-con{--container-widget-width:100%}.e-con-inner>.elementor-widget-spacer,.e-con>.elementor-widget-spacer{width:var(--container-widget-width,var(--spacer-size));-ms-flex-item-align:stretch;align-self:stretch;-ms-flex-negative:0;flex-shrink:0}.e-con-inner>.elementor-widget-spacer>.elementor-widget-container,.e-con-inner>.elementor-widget-spacer>.elementor-widget-container>.elementor-spacer,.e-con>.elementor-widget-spacer>.elementor-widget-container,.e-con>.elementor-widget-spacer>.elementor-widget-container>.elementor-spacer{height:100%}.e-con-inner>.elementor-widget-spacer>.elementor-widget-container>.elementor-spacer>.elementor-spacer-inner,.e-con>.elementor-widget-spacer>.elementor-widget-container>.elementor-spacer>.elementor-spacer-inner{height:var(--container-widget-height,var(--spacer-size))}<\/style>\t\t<div class=\"elementor-spacer\">\n\t\t\t<div class=\"elementor-spacer-inner\"><\/div>\n\t\t<\/div>\n\t\t\t\t<\/div>\n\t\t\t\t<\/div>\n\t\t\t\t<div class=\"elementor-element elementor-element-3683ec3 elementor-widget elementor-widget-heading\" data-id=\"3683ec3\" data-element_type=\"widget\" data-widget_type=\"heading.default\">\n\t\t\t\t<div class=\"elementor-widget-container\">\n\t\t\t<style>\/*! elementor - v3.8.1 - 13-11-2022 *\/\n.elementor-heading-title{padding:0;margin:0;line-height:1}.elementor-widget-heading .elementor-heading-title[class*=elementor-size-]>a{color:inherit;font-size:inherit;line-height:inherit}.elementor-widget-heading .elementor-heading-title.elementor-size-small{font-size:15px}.elementor-widget-heading .elementor-heading-title.elementor-size-medium{font-size:19px}.elementor-widget-heading .elementor-heading-title.elementor-size-large{font-size:29px}.elementor-widget-heading .elementor-heading-title.elementor-size-xl{font-size:39px}.elementor-widget-heading .elementor-heading-title.elementor-size-xxl{font-size:59px}<\/style><h2 class=\"elementor-heading-title elementor-size-default\">Z mi\u0142o\u015bci do zwierz\u0105t...<\/h2>\t\t<\/div>\n\t\t\t\t<\/div>\n\t\t\t\t<div class=\"elementor-element elementor-element-d6df941 elementor-widget elementor-widget-spacer\" data-id=\"d6df941\" data-element_type=\"widget\" data-widget_type=\"spacer.default\">\n\t\t\t\t<div class=\"elementor-widget-container\">\n\t\t\t\t\t<div class=\"elementor-spacer\">\n\t\t\t<div class=\"elementor-spacer-inner\"><\/div>\n\t\t<\/div>\n\t\t\t\t<\/div>\n\t\t\t\t<\/div>\n\t\t\t\t\t<\/div>\n\t\t<\/div>\n\t\t\t\t\t\t\t<\/div>\n\t\t<\/section>\n\t\t\t\t<section class=\"elementor-section elementor-top-section elementor-element elementor-element-797d19f elementor-section-boxed elementor-section-height-default elementor-section-height-default\" data-id=\"797d19f\" data-element_type=\"section\">\n\t\t\t\t\t\t<div class=\"elementor-container elementor-column-gap-default\">\n\t\t\t\t\t<div class=\"elementor-column elementor-col-100 elementor-top-column elementor-element elementor-element-1945e03\" data-id=\"1945e03\" data-element_type=\"column\">\n\t\t\t<div class=\"elementor-widget-wrap elementor-element-populated\">\n\t\t\t\t\t\t\t\t<div class=\"elementor-element elementor-element-bace250 elementor-widget elementor-widget-spacer\" data-id=\"bace250\" data-element_type=\"widget\" data-widget_type=\"spacer.default\">\n\t\t\t\t<div class=\"elementor-widget-container\">\n\t\t\t\t\t<div class=\"elementor-spacer\">\n\t\t\t<div class=\"elementor-spacer-inner\"><\/div>\n\t\t<\/div>\n\t\t\t\t<\/div>\n\t\t\t\t<\/div>\n\t\t\t\t\t<\/div>\n\t\t<\/div>\n\t\t\t\t\t\t\t<\/div>\n\t\t<\/section>\n\t\t\t\t<section class=\"elementor-section elementor-top-section elementor-element elementor-element-61677bed elementor-section-boxed elementor-section-height-default elementor-section-height-default\" data-id=\"61677bed\" data-element_type=\"section\">\n\t\t\t\t\t\t<div class=\"elementor-container elementor-column-gap-default\">\n\t\t\t\t\t<div class=\"elementor-column elementor-col-25 elementor-top-column elementor-element elementor-element-4d90ca19\" data-id=\"4d90ca19\" data-element_type=\"column\">\n\t\t\t<div class=\"elementor-widget-wrap elementor-element-populated\">\n\t\t\t\t\t\t\t\t<div class=\"elementor-element elementor-element-6c906e8 elementor-widget elementor-widget-image\" data-id=\"6c906e8\" data-element_type=\"widget\" data-widget_type=\"image.default\">\n\t\t\t\t<div class=\"elementor-widget-container\">\n\t\t\t<style>\/*! elementor - v3.8.1 - 13-11-2022 *\/\n.elementor-widget-image{text-align:center}.elementor-widget-image a{display:inline-block}.elementor-widget-image a img[src$=\".svg\"]{width:48px}.elementor-widget-image img{vertical-align:middle;display:inline-block}<\/style>\t\t\t\t\t\t\t\t\t\t\t\t<img loading=\"lazy\" decoding=\"async\" width=\"600\" height=\"900\" src=\"https:\/\/www.rodzinnawet.pl\/wp-content\/uploads\/2022\/03\/RodzinnaWet_37_S.jpg\" class=\"attachment-large size-large\" alt=\"\" srcset=\"https:\/\/www.rodzinnawet.pl\/wp-content\/uploads\/2022\/03\/RodzinnaWet_37_S.jpg 600w, https:\/\/www.rodzinnawet.pl\/wp-content\/uploads\/2022\/03\/RodzinnaWet_37_S-200x300.jpg 200w\" sizes=\"auto, (max-width: 600px) 100vw, 600px\" \/>\t\t\t\t\t\t\t\t\t\t\t\t\t\t\t<\/div>\n\t\t\t\t<\/div>\n\t\t\t\t<div class=\"elementor-element elementor-element-275d0ab elementor-widget elementor-widget-text-editor\" data-id=\"275d0ab\" data-element_type=\"widget\" data-widget_type=\"text-editor.default\">\n\t\t\t\t<div class=\"elementor-widget-container\">\n\t\t\t<style>\/*! elementor - v3.8.1 - 13-11-2022 *\/\n.elementor-widget-text-editor.elementor-drop-cap-view-stacked .elementor-drop-cap{background-color:#818a91;color:#fff}.elementor-widget-text-editor.elementor-drop-cap-view-framed .elementor-drop-cap{color:#818a91;border:3px solid;background-color:transparent}.elementor-widget-text-editor:not(.elementor-drop-cap-view-default) .elementor-drop-cap{margin-top:8px}.elementor-widget-text-editor:not(.elementor-drop-cap-view-default) .elementor-drop-cap-letter{width:1em;height:1em}.elementor-widget-text-editor .elementor-drop-cap{float:left;text-align:center;line-height:1;font-size:50px}.elementor-widget-text-editor .elementor-drop-cap-letter{display:inline-block}<\/style>\t\t\t\t<p class=\"elementor-heading-title elementor-size-default\"><a href=\"https:\/\/www.rodzinnawet.pl\/index.php\/michal-grudzinski\/\">Micha\u0142 Grudzi\u0144ski<\/a><\/p>\t\t\t\t\t\t<\/div>\n\t\t\t\t<\/div>\n\t\t\t\t<div class=\"elementor-element elementor-element-3ce3cf6 elementor-widget elementor-widget-text-editor\" data-id=\"3ce3cf6\" data-element_type=\"widget\" data-widget_type=\"text-editor.default\">\n\t\t\t\t<div class=\"elementor-widget-container\">\n\t\t\t\t\t\t\t<p class=\"elementor-heading-title elementor-size-default\"><strong>Lekarz weterynarii<\/strong><\/p><p>\u00a0<\/p><p class=\"elementor-heading-title elementor-size-default\"><strong>Kierownik Przychodni Weterynaryjnej Rodzinna<\/strong><\/p><p class=\"elementor-heading-title elementor-size-default\"><strong>Specjalista chor\u00f3b ps\u00f3w i kot\u00f3w <br \/><\/strong><\/p><p>\u00a0<\/p><ul><li>Gastroenterologia<\/li><li>Badania obrazowe ( rhinoskopia, bronchoskopia, gastroskopia, kolonoskopia, USG, RTG)<\/li><li>Chirurgia<\/li><li>Okulistyka<\/li><li>Interna<\/li><\/ul>\t\t\t\t\t\t<\/div>\n\t\t\t\t<\/div>\n\t\t\t\t\t<\/div>\n\t\t<\/div>\n\t\t\t\t<div class=\"elementor-column elementor-col-25 elementor-top-column elementor-element elementor-element-8985768\" data-id=\"8985768\" data-element_type=\"column\">\n\t\t\t<div class=\"elementor-widget-wrap elementor-element-populated\">\n\t\t\t\t\t\t\t\t<div class=\"elementor-element elementor-element-a3cd3cb elementor-widget elementor-widget-image\" data-id=\"a3cd3cb\" data-element_type=\"widget\" data-widget_type=\"image.default\">\n\t\t\t\t<div class=\"elementor-widget-container\">\n\t\t\t\t\t\t\t\t\t\t\t\t\t\t\t<img loading=\"lazy\" decoding=\"async\" width=\"600\" height=\"900\" src=\"https:\/\/www.rodzinnawet.pl\/wp-content\/uploads\/2022\/03\/Kopia-RodzinnaWet_41_S-e1647439284208.jpg\" class=\"attachment-large size-large\" alt=\"\" \/>\t\t\t\t\t\t\t\t\t\t\t\t\t\t\t<\/div>\n\t\t\t\t<\/div>\n\t\t\t\t<div class=\"elementor-element elementor-element-349d886 elementor-widget elementor-widget-text-editor\" data-id=\"349d886\" data-element_type=\"widget\" data-widget_type=\"text-editor.default\">\n\t\t\t\t<div class=\"elementor-widget-container\">\n\t\t\t\t\t\t\t<p class=\"elementor-heading-title elementor-size-default\"><a href=\"https:\/\/www.rodzinnawet.pl\/index.php\/beata-klink-grudzinska\/\">lek.wet. Beata Klink-Grudzi\u0144ska<\/a><\/p>\t\t\t\t\t\t<\/div>\n\t\t\t\t<\/div>\n\t\t\t\t<div class=\"elementor-element elementor-element-77207c6 elementor-widget elementor-widget-text-editor\" data-id=\"77207c6\" data-element_type=\"widget\" data-widget_type=\"text-editor.default\">\n\t\t\t\t<div class=\"elementor-widget-container\">\n\t\t\t\t\t\t\t<p class=\"elementor-heading-title elementor-size-default\"><strong>Lekarz weterynarii<\/strong><\/p><p><strong>Specjalista weterynaryjnej diagnostyki obrazowej<\/strong><\/p><p>\u2022 Interna<br \/>\u2022 Kardiologia<br \/>\u2022 Badania obrazowe ( USG p\u0142uc, jamy brzusznej, RTG)<\/p>\t\t\t\t\t\t<\/div>\n\t\t\t\t<\/div>\n\t\t\t\t\t<\/div>\n\t\t<\/div>\n\t\t\t\t<div class=\"elementor-column elementor-col-25 elementor-top-column elementor-element elementor-element-802ea04\" data-id=\"802ea04\" data-element_type=\"column\">\n\t\t\t<div class=\"elementor-widget-wrap elementor-element-populated\">\n\t\t\t\t\t\t\t\t<div class=\"elementor-element elementor-element-1c6fe06 elementor-widget elementor-widget-image\" data-id=\"1c6fe06\" data-element_type=\"widget\" data-widget_type=\"image.default\">\n\t\t\t\t<div class=\"elementor-widget-container\">\n\t\t\t\t\t\t\t\t\t\t\t\t\t\t\t<img loading=\"lazy\" decoding=\"async\" width=\"1024\" height=\"744\" src=\"https:\/\/www.rodzinnawet.pl\/wp-content\/uploads\/2021\/12\/marta-k-1024x744.jpg\" class=\"attachment-large size-large\" alt=\"\" srcset=\"https:\/\/www.rodzinnawet.pl\/wp-content\/uploads\/2021\/12\/marta-k-1024x744.jpg 1024w, https:\/\/www.rodzinnawet.pl\/wp-content\/uploads\/2021\/12\/marta-k-300x218.jpg 300w, https:\/\/www.rodzinnawet.pl\/wp-content\/uploads\/2021\/12\/marta-k-768x558.jpg 768w, https:\/\/www.rodzinnawet.pl\/wp-content\/uploads\/2021\/12\/marta-k-1536x1116.jpg 1536w, https:\/\/www.rodzinnawet.pl\/wp-content\/uploads\/2021\/12\/marta-k-2048x1489.jpg 2048w\" sizes=\"auto, (max-width: 1024px) 100vw, 1024px\" \/>\t\t\t\t\t\t\t\t\t\t\t\t\t\t\t<\/div>\n\t\t\t\t<\/div>\n\t\t\t\t<div class=\"elementor-element elementor-element-f0895ee elementor-widget elementor-widget-text-editor\" data-id=\"f0895ee\" data-element_type=\"widget\" data-widget_type=\"text-editor.default\">\n\t\t\t\t<div class=\"elementor-widget-container\">\n\t\t\t\t\t\t\t<p class=\"elementor-heading-title elementor-size-default\"><a href=\"https:\/\/www.rodzinnawet.pl\/index.php\/marta-hoffmann-kolodziejczyk\/\">lek.wet.Natalia Kasjaniuk<\/a><\/p>\t\t\t\t\t\t<\/div>\n\t\t\t\t<\/div>\n\t\t\t\t<div class=\"elementor-element elementor-element-dd5db9a elementor-widget elementor-widget-text-editor\" data-id=\"dd5db9a\" data-element_type=\"widget\" data-widget_type=\"text-editor.default\">\n\t\t\t\t<div class=\"elementor-widget-container\">\n\t\t\t\t\t\t\t<p class=\"elementor-heading-title elementor-size-default\"><strong>Lekarz weterynarii<\/strong><\/p><p>\u00a0<\/p><ul><li>Interna<\/li><li>Choroby zwierz\u0105t egzotycznych<\/li><\/ul><p>\u00a0<\/p>\t\t\t\t\t\t<\/div>\n\t\t\t\t<\/div>\n\t\t\t\t\t<\/div>\n\t\t<\/div>\n\t\t\t\t<div class=\"elementor-column elementor-col-25 elementor-top-column elementor-element elementor-element-fa67945\" data-id=\"fa67945\" data-element_type=\"column\">\n\t\t\t<div class=\"elementor-widget-wrap elementor-element-populated\">\n\t\t\t\t\t\t\t\t<div class=\"elementor-element elementor-element-90c3054 elementor-widget elementor-widget-image\" data-id=\"90c3054\" data-element_type=\"widget\" data-widget_type=\"image.default\">\n\t\t\t\t<div class=\"elementor-widget-container\">\n\t\t\t\t\t\t\t\t\t\t\t\t\t\t\t<img loading=\"lazy\" decoding=\"async\" width=\"1024\" height=\"744\" src=\"https:\/\/www.rodzinnawet.pl\/wp-content\/uploads\/2021\/12\/marta-l-1024x744.jpg\" class=\"attachment-large size-large\" alt=\"\" srcset=\"https:\/\/www.rodzinnawet.pl\/wp-content\/uploads\/2021\/12\/marta-l-1024x744.jpg 1024w, https:\/\/www.rodzinnawet.pl\/wp-content\/uploads\/2021\/12\/marta-l-300x218.jpg 300w, https:\/\/www.rodzinnawet.pl\/wp-content\/uploads\/2021\/12\/marta-l-768x558.jpg 768w, https:\/\/www.rodzinnawet.pl\/wp-content\/uploads\/2021\/12\/marta-l-1536x1116.jpg 1536w, https:\/\/www.rodzinnawet.pl\/wp-content\/uploads\/2021\/12\/marta-l-2048x1489.jpg 2048w\" sizes=\"auto, (max-width: 1024px) 100vw, 1024px\" \/>\t\t\t\t\t\t\t\t\t\t\t\t\t\t\t<\/div>\n\t\t\t\t<\/div>\n\t\t\t\t<div class=\"elementor-element elementor-element-5ec15ee elementor-widget elementor-widget-text-editor\" data-id=\"5ec15ee\" data-element_type=\"widget\" data-widget_type=\"text-editor.default\">\n\t\t\t\t<div class=\"elementor-widget-container\">\n\t\t\t\t\t\t\t<p class=\"elementor-heading-title elementor-size-default\"><a href=\"https:\/\/www.rodzinnawet.pl\/index.php\/marta-lewinska\/\">lek.wet. Marta Lewi\u0144ska<\/a><\/p>\t\t\t\t\t\t<\/div>\n\t\t\t\t<\/div>\n\t\t\t\t<div class=\"elementor-element elementor-element-1c43fc7 elementor-widget elementor-widget-text-editor\" data-id=\"1c43fc7\" data-element_type=\"widget\" data-widget_type=\"text-editor.default\">\n\t\t\t\t<div class=\"elementor-widget-container\">\n\t\t\t\t\t\t\t<p class=\"elementor-heading-title elementor-size-default\"><strong>Lekarz weterynarii<\/strong><\/p><p class=\"elementor-heading-title elementor-size-default\"><strong>Specjalista chor\u00f3b ps\u00f3w i kot\u00f3w<br \/><\/strong><\/p><p>\u00a0<\/p><ul><li>Anestezjologia<\/li><li>Chirurgia\u00a0<\/li><li>Stomatologia<\/li><li>Interna\u00a0<\/li><\/ul>\t\t\t\t\t\t<\/div>\n\t\t\t\t<\/div>\n\t\t\t\t\t<\/div>\n\t\t<\/div>\n\t\t\t\t\t\t\t<\/div>\n\t\t<\/section>\n\t\t\t\t<section class=\"elementor-section elementor-top-section elementor-element elementor-element-a7b36ca elementor-section-boxed elementor-section-height-default elementor-section-height-default\" data-id=\"a7b36ca\" data-element_type=\"section\">\n\t\t\t\t\t\t<div class=\"elementor-container elementor-column-gap-default\">\n\t\t\t\t\t<div class=\"elementor-column elementor-col-100 elementor-top-column elementor-element elementor-element-2129497\" data-id=\"2129497\" data-element_type=\"column\">\n\t\t\t<div class=\"elementor-widget-wrap elementor-element-populated\">\n\t\t\t\t\t\t\t\t<div class=\"elementor-element elementor-element-80781ec elementor-widget elementor-widget-spacer\" data-id=\"80781ec\" data-element_type=\"widget\" data-widget_type=\"spacer.default\">\n\t\t\t\t<div class=\"elementor-widget-container\">\n\t\t\t\t\t<div class=\"elementor-spacer\">\n\t\t\t<div class=\"elementor-spacer-inner\"><\/div>\n\t\t<\/div>\n\t\t\t\t<\/div>\n\t\t\t\t<\/div>\n\t\t\t\t\t<\/div>\n\t\t<\/div>\n\t\t\t\t\t\t\t<\/div>\n\t\t<\/section>\n\t\t\t\t<section class=\"elementor-section elementor-top-section elementor-element elementor-element-2ccf46f elementor-section-boxed elementor-section-height-default elementor-section-height-default\" data-id=\"2ccf46f\" data-element_type=\"section\" data-settings=\"{&quot;background_background&quot;:&quot;classic&quot;}\">\n\t\t\t\t\t\t\t<div class=\"elementor-background-overlay\"><\/div>\n\t\t\t\t\t\t\t<div class=\"elementor-container elementor-column-gap-default\">\n\t\t\t\t\t<div class=\"elementor-column elementor-col-100 elementor-top-column elementor-element elementor-element-648712d\" data-id=\"648712d\" data-element_type=\"column\">\n\t\t\t<div class=\"elementor-widget-wrap elementor-element-populated\">\n\t\t\t\t\t\t\t\t<div class=\"elementor-element elementor-element-794b6fd elementor-widget elementor-widget-spacer\" data-id=\"794b6fd\" data-element_type=\"widget\" data-widget_type=\"spacer.default\">\n\t\t\t\t<div class=\"elementor-widget-container\">\n\t\t\t\t\t<div class=\"elementor-spacer\">\n\t\t\t<div class=\"elementor-spacer-inner\"><\/div>\n\t\t<\/div>\n\t\t\t\t<\/div>\n\t\t\t\t<\/div>\n\t\t\t\t<div class=\"elementor-element elementor-element-eed012a elementor-widget elementor-widget-heading\" data-id=\"eed012a\" data-element_type=\"widget\" data-widget_type=\"heading.default\">\n\t\t\t\t<div class=\"elementor-widget-container\">\n\t\t\t<h1 class=\"elementor-heading-title elementor-size-default\">... trzymamy \u0142ap\u0119 na pulsie.<\/h1>\t\t<\/div>\n\t\t\t\t<\/div>\n\t\t\t\t<div class=\"elementor-element elementor-element-1ae2d98 elementor-widget elementor-widget-spacer\" data-id=\"1ae2d98\" data-element_type=\"widget\" data-widget_type=\"spacer.default\">\n\t\t\t\t<div class=\"elementor-widget-container\">\n\t\t\t\t\t<div class=\"elementor-spacer\">\n\t\t\t<div class=\"elementor-spacer-inner\"><\/div>\n\t\t<\/div>\n\t\t\t\t<\/div>\n\t\t\t\t<\/div>\n\t\t\t\t\t<\/div>\n\t\t<\/div>\n\t\t\t\t\t\t\t<\/div>\n\t\t<\/section>\n\t\t\t\t\t\t\t<\/div>\n\t\t","protected":false},"excerpt":{"rendered":"<p>Z mi\u0142o\u015bci do zwierz\u0105t&#8230; Micha\u0142 Grudzi\u0144ski Lekarz weterynarii \u00a0 Kierownik Przychodni Weterynaryjnej Rodzinna Specjalista chor\u00f3b ps\u00f3w i kot\u00f3w \u00a0 Gastroenterologia Badania obrazowe ( rhinoskopia, bronchoskopia, gastroskopia, kolonoskopia, USG, RTG) Chirurgia Okulistyka Interna lek.wet. Beata Klink-Grudzi\u0144ska Lekarz weterynarii Specjalista weterynaryjnej diagnostyki obrazowej \u2022 Interna\u2022 Kardiologia\u2022 Badania obrazowe ( USG p\u0142uc, jamy brzusznej, RTG) lek.wet.Natalia Kasjaniuk Lekarz&hellip;<\/p>\n","protected":false},"author":1,"featured_media":0,"parent":0,"menu_order":0,"comment_status":"closed","ping_status":"closed","template":"","meta":{"footnotes":""},"class_list":["post-283","page","type-page","status-publish","hentry"],"_links":{"self":[{"href":"https:\/\/www.rodzinnawet.pl\/index.php\/wp-json\/wp\/v2\/pages\/283","targetHints":{"allow":["GET"]}}],"collection":[{"href":"https:\/\/www.rodzinnawet.pl\/index.php\/wp-json\/wp\/v2\/pages"}],"about":[{"href":"https:\/\/www.rodzinnawet.pl\/index.php\/wp-json\/wp\/v2\/types\/page"}],"author":[{"embeddable":true,"href":"https:\/\/www.rodzinnawet.pl\/index.php\/wp-json\/wp\/v2\/users\/1"}],"replies":[{"embeddable":true,"href":"https:\/\/www.rodzinnawet.pl\/index.php\/wp-json\/wp\/v2\/comments?post=283"}],"version-history":[{"count":67,"href":"https:\/\/www.rodzinnawet.pl\/index.php\/wp-json\/wp\/v2\/pages\/283\/revisions"}],"predecessor-version":[{"id":1052,"href":"https:\/\/www.rodzinnawet.pl\/index.php\/wp-json\/wp\/v2\/pages\/283\/revisions\/1052"}],"wp:attachment":[{"href":"https:\/\/www.rodzinnawet.pl\/index.php\/wp-json\/wp\/v2\/media?parent=283"}],"curies":[{"name":"wp","href":"https:\/\/api.w.org\/{rel}","templated":true}]}}