{"id":310,"date":"2021-12-14T17:50:41","date_gmt":"2021-12-14T17:50:41","guid":{"rendered":"https:\/\/www.rodzinnawet.pl\/?page_id=310"},"modified":"2021-12-29T22:45:05","modified_gmt":"2021-12-29T22:45:05","slug":"o-nas","status":"publish","type":"page","link":"https:\/\/www.rodzinnawet.pl\/index.php\/o-nas\/","title":{"rendered":"O NAS"},"content":{"rendered":"\t\t<div data-elementor-type=\"wp-page\" data-elementor-id=\"310\" class=\"elementor elementor-310\">\n\t\t\t\t\t\t\t\t\t<section class=\"elementor-section elementor-top-section elementor-element elementor-element-abad79a elementor-section-boxed elementor-section-height-default elementor-section-height-default\" data-id=\"abad79a\" data-element_type=\"section\" data-settings=\"{&quot;background_background&quot;:&quot;classic&quot;}\">\n\t\t\t\t\t\t\t<div class=\"elementor-background-overlay\"><\/div>\n\t\t\t\t\t\t\t<div class=\"elementor-container elementor-column-gap-default\">\n\t\t\t\t\t<div class=\"elementor-column elementor-col-100 elementor-top-column elementor-element elementor-element-e2717dc\" data-id=\"e2717dc\" data-element_type=\"column\">\n\t\t\t<div class=\"elementor-widget-wrap elementor-element-populated\">\n\t\t\t\t\t\t\t\t<div class=\"elementor-element elementor-element-166b957 elementor-widget elementor-widget-spacer\" data-id=\"166b957\" data-element_type=\"widget\" data-widget_type=\"spacer.default\">\n\t\t\t\t<div class=\"elementor-widget-container\">\n\t\t\t<style>\/*! elementor - v3.8.1 - 13-11-2022 *\/\n.elementor-column .elementor-spacer-inner{height:var(--spacer-size)}.e-con{--container-widget-width:100%}.e-con-inner>.elementor-widget-spacer,.e-con>.elementor-widget-spacer{width:var(--container-widget-width,var(--spacer-size));-ms-flex-item-align:stretch;align-self:stretch;-ms-flex-negative:0;flex-shrink:0}.e-con-inner>.elementor-widget-spacer>.elementor-widget-container,.e-con-inner>.elementor-widget-spacer>.elementor-widget-container>.elementor-spacer,.e-con>.elementor-widget-spacer>.elementor-widget-container,.e-con>.elementor-widget-spacer>.elementor-widget-container>.elementor-spacer{height:100%}.e-con-inner>.elementor-widget-spacer>.elementor-widget-container>.elementor-spacer>.elementor-spacer-inner,.e-con>.elementor-widget-spacer>.elementor-widget-container>.elementor-spacer>.elementor-spacer-inner{height:var(--container-widget-height,var(--spacer-size))}<\/style>\t\t<div class=\"elementor-spacer\">\n\t\t\t<div class=\"elementor-spacer-inner\"><\/div>\n\t\t<\/div>\n\t\t\t\t<\/div>\n\t\t\t\t<\/div>\n\t\t\t\t<div class=\"elementor-element elementor-element-b25691b elementor-widget elementor-widget-heading\" data-id=\"b25691b\" data-element_type=\"widget\" data-widget_type=\"heading.default\">\n\t\t\t\t<div class=\"elementor-widget-container\">\n\t\t\t<style>\/*! elementor - v3.8.1 - 13-11-2022 *\/\n.elementor-heading-title{padding:0;margin:0;line-height:1}.elementor-widget-heading .elementor-heading-title[class*=elementor-size-]>a{color:inherit;font-size:inherit;line-height:inherit}.elementor-widget-heading .elementor-heading-title.elementor-size-small{font-size:15px}.elementor-widget-heading .elementor-heading-title.elementor-size-medium{font-size:19px}.elementor-widget-heading .elementor-heading-title.elementor-size-large{font-size:29px}.elementor-widget-heading .elementor-heading-title.elementor-size-xl{font-size:39px}.elementor-widget-heading .elementor-heading-title.elementor-size-xxl{font-size:59px}<\/style><h2 class=\"elementor-heading-title elementor-size-default\">Z mi\u0142o\u015bci do zwierz\u0105t...<\/h2>\t\t<\/div>\n\t\t\t\t<\/div>\n\t\t\t\t<div class=\"elementor-element elementor-element-72bff7c elementor-widget elementor-widget-spacer\" data-id=\"72bff7c\" data-element_type=\"widget\" data-widget_type=\"spacer.default\">\n\t\t\t\t<div class=\"elementor-widget-container\">\n\t\t\t\t\t<div class=\"elementor-spacer\">\n\t\t\t<div class=\"elementor-spacer-inner\"><\/div>\n\t\t<\/div>\n\t\t\t\t<\/div>\n\t\t\t\t<\/div>\n\t\t\t\t\t<\/div>\n\t\t<\/div>\n\t\t\t\t\t\t\t<\/div>\n\t\t<\/section>\n\t\t\t\t<section class=\"elementor-section elementor-top-section elementor-element elementor-element-da00900 elementor-section-boxed elementor-section-height-default elementor-section-height-default\" data-id=\"da00900\" data-element_type=\"section\">\n\t\t\t\t\t\t<div class=\"elementor-container elementor-column-gap-default\">\n\t\t\t\t\t<div class=\"elementor-column elementor-col-50 elementor-top-column elementor-element elementor-element-e85c833\" data-id=\"e85c833\" data-element_type=\"column\">\n\t\t\t<div class=\"elementor-widget-wrap elementor-element-populated\">\n\t\t\t\t\t\t\t\t<div class=\"elementor-element elementor-element-493b164 elementor-widget elementor-widget-spacer\" data-id=\"493b164\" data-element_type=\"widget\" data-widget_type=\"spacer.default\">\n\t\t\t\t<div class=\"elementor-widget-container\">\n\t\t\t\t\t<div class=\"elementor-spacer\">\n\t\t\t<div class=\"elementor-spacer-inner\"><\/div>\n\t\t<\/div>\n\t\t\t\t<\/div>\n\t\t\t\t<\/div>\n\t\t\t\t<div class=\"elementor-element elementor-element-3ca5401 elementor-widget elementor-widget-heading\" data-id=\"3ca5401\" data-element_type=\"widget\" data-widget_type=\"heading.default\">\n\t\t\t\t<div class=\"elementor-widget-container\">\n\t\t\t<h2 class=\"elementor-heading-title elementor-size-default\">O NAS<\/h2>\t\t<\/div>\n\t\t\t\t<\/div>\n\t\t\t\t<div class=\"elementor-element elementor-element-cd2f56e elementor-widget elementor-widget-text-editor\" data-id=\"cd2f56e\" data-element_type=\"widget\" data-widget_type=\"text-editor.default\">\n\t\t\t\t<div class=\"elementor-widget-container\">\n\t\t\t<style>\/*! elementor - v3.8.1 - 13-11-2022 *\/\n.elementor-widget-text-editor.elementor-drop-cap-view-stacked .elementor-drop-cap{background-color:#818a91;color:#fff}.elementor-widget-text-editor.elementor-drop-cap-view-framed .elementor-drop-cap{color:#818a91;border:3px solid;background-color:transparent}.elementor-widget-text-editor:not(.elementor-drop-cap-view-default) .elementor-drop-cap{margin-top:8px}.elementor-widget-text-editor:not(.elementor-drop-cap-view-default) .elementor-drop-cap-letter{width:1em;height:1em}.elementor-widget-text-editor .elementor-drop-cap{float:left;text-align:center;line-height:1;font-size:50px}.elementor-widget-text-editor .elementor-drop-cap-letter{display:inline-block}<\/style>\t\t\t\t<p>Pocz\u0105tki Rodzinnej Przychodni Weterynaryjnej si\u0119gaj\u0105 wielu lat wstecz, kiedy marzyli\u015bmy o tym kim b\u0119dziemy w przysz\u0142o\u015bci. Wszystkie te plany mia\u0142y wsp\u00f3lny cel, niesienie pomocy zwierz\u0119tom. Rezultatem tych m\u0142odzie\u0144czych marze\u0144 jest Rodzinna Przychodnia Weterynaryjna.<\/p>\n<p>Nasz Zesp\u00f3\u0142 sk\u0142ada si\u0119 z lekarzy weterynarii oraz techniczki weterynarii, pe\u0142nych empatii i zaanga\u017cowania, jak r\u00f3wnie\u017c pasjonat\u00f3w swojej pracy. Jeste\u015bmy lud\u017ami, kt\u00f3rzy od zawsze kochaj\u0105 zwierz\u0119ta, chc\u0105 im pomaga\u0107 i nie wyobra\u017caj\u0105 sobie \u017cycia bez nich. Staramy si\u0119 nie\u015b\u0107 naszym pacjentom lekarsk\u0105 pomoc i opiek\u0119. Dzi\u0119ki nieustannemu dokszta\u0142caniu si\u0119 korzystamy z aktualnej i popartej badaniami wiedzy medycznej. Nasze wieloletnie do\u015bwiadczenie oraz wsp\u00f3\u0142praca w relacji opiekun-pacjent-lekarz zapewni\u0105 powodzenie leczenia naszych milusi\u0144skich.<\/p>\n<p>Sk\u0105d nazwa \u2013&nbsp;<strong>Rodzinna Przychodnia?<\/strong>&nbsp;\u0141\u0105cz\u0105 nas wi\u0119zi rodzinne, ale ta nazwa to co\u015b wi\u0119cej. To tak\u017ce to, co chcemy da\u0107 naszym pacjentom i ich opiekunom.<\/p>\n<p>Witamy Was serdecznie w Waszej nowej Rodzinnej Przychodni Weterynaryjnej.<\/p>\n<p><br><\/p>\t\t\t\t\t\t<\/div>\n\t\t\t\t<\/div>\n\t\t\t\t\t<\/div>\n\t\t<\/div>\n\t\t\t\t<div class=\"elementor-column elementor-col-50 elementor-top-column elementor-element elementor-element-7a2d069a\" data-id=\"7a2d069a\" data-element_type=\"column\">\n\t\t\t<div class=\"elementor-widget-wrap elementor-element-populated\">\n\t\t\t\t\t\t\t\t<div class=\"elementor-element elementor-element-d3dc58a elementor-widget elementor-widget-spacer\" data-id=\"d3dc58a\" data-element_type=\"widget\" data-widget_type=\"spacer.default\">\n\t\t\t\t<div class=\"elementor-widget-container\">\n\t\t\t\t\t<div class=\"elementor-spacer\">\n\t\t\t<div class=\"elementor-spacer-inner\"><\/div>\n\t\t<\/div>\n\t\t\t\t<\/div>\n\t\t\t\t<\/div>\n\t\t\t\t<div class=\"elementor-element elementor-element-3aa6705 elementor-widget elementor-widget-image\" data-id=\"3aa6705\" data-element_type=\"widget\" data-widget_type=\"image.default\">\n\t\t\t\t<div class=\"elementor-widget-container\">\n\t\t\t<style>\/*! elementor - v3.8.1 - 13-11-2022 *\/\n.elementor-widget-image{text-align:center}.elementor-widget-image a{display:inline-block}.elementor-widget-image a img[src$=\".svg\"]{width:48px}.elementor-widget-image img{vertical-align:middle;display:inline-block}<\/style>\t\t\t\t\t\t\t\t\t\t\t\t<img loading=\"lazy\" decoding=\"async\" width=\"1024\" height=\"768\" src=\"https:\/\/www.rodzinnawet.pl\/wp-content\/uploads\/2021\/12\/man-s-hands-holding-paws-young-puppy-1024x768.jpg\" class=\"attachment-large size-large\" alt=\"\" srcset=\"https:\/\/www.rodzinnawet.pl\/wp-content\/uploads\/2021\/12\/man-s-hands-holding-paws-young-puppy-1024x768.jpg 1024w, https:\/\/www.rodzinnawet.pl\/wp-content\/uploads\/2021\/12\/man-s-hands-holding-paws-young-puppy-300x225.jpg 300w, https:\/\/www.rodzinnawet.pl\/wp-content\/uploads\/2021\/12\/man-s-hands-holding-paws-young-puppy-768x576.jpg 768w, https:\/\/www.rodzinnawet.pl\/wp-content\/uploads\/2021\/12\/man-s-hands-holding-paws-young-puppy-1536x1152.jpg 1536w, https:\/\/www.rodzinnawet.pl\/wp-content\/uploads\/2021\/12\/man-s-hands-holding-paws-young-puppy-2048x1536.jpg 2048w, https:\/\/www.rodzinnawet.pl\/wp-content\/uploads\/2021\/12\/man-s-hands-holding-paws-young-puppy-160x120.jpg 160w\" sizes=\"auto, (max-width: 1024px) 100vw, 1024px\" \/>\t\t\t\t\t\t\t\t\t\t\t\t\t\t\t<\/div>\n\t\t\t\t<\/div>\n\t\t\t\t<div class=\"elementor-element elementor-element-1a2a813c elementor-widget elementor-widget-text-editor\" data-id=\"1a2a813c\" data-element_type=\"widget\" data-widget_type=\"text-editor.default\">\n\t\t\t\t<div class=\"elementor-widget-container\">\n\t\t\t\t\t\t\t\t\t\t\t\t\t<\/div>\n\t\t\t\t<\/div>\n\t\t\t\t\t<\/div>\n\t\t<\/div>\n\t\t\t\t\t\t\t<\/div>\n\t\t<\/section>\n\t\t\t\t<section class=\"elementor-section elementor-top-section elementor-element elementor-element-f291ca2 elementor-section-boxed elementor-section-height-default elementor-section-height-default\" data-id=\"f291ca2\" data-element_type=\"section\">\n\t\t\t\t\t\t<div class=\"elementor-container elementor-column-gap-default\">\n\t\t\t\t\t<div class=\"elementor-column elementor-col-100 elementor-top-column elementor-element elementor-element-1112ac6\" data-id=\"1112ac6\" data-element_type=\"column\">\n\t\t\t<div class=\"elementor-widget-wrap elementor-element-populated\">\n\t\t\t\t\t\t\t\t<div class=\"elementor-element elementor-element-7030bd2 elementor-widget elementor-widget-text-editor\" data-id=\"7030bd2\" data-element_type=\"widget\" data-widget_type=\"text-editor.default\">\n\t\t\t\t<div class=\"elementor-widget-container\">\n\t\t\t\t\t\t\t<h1><strong>Zapraszamy.\u00a0<\/strong><\/h1>\t\t\t\t\t\t<\/div>\n\t\t\t\t<\/div>\n\t\t\t\t<div class=\"elementor-element elementor-element-5b95e53 elementor-align-center elementor-widget elementor-widget-button\" data-id=\"5b95e53\" data-element_type=\"widget\" data-widget_type=\"button.default\">\n\t\t\t\t<div class=\"elementor-widget-container\">\n\t\t\t\t\t<div class=\"elementor-button-wrapper\">\n\t\t\t<a href=\"https:\/\/www.rodzinnawet.pl\/index.php\/kontakt\/\" class=\"elementor-button-link elementor-button elementor-size-sm\" role=\"button\">\n\t\t\t\t\t\t<span class=\"elementor-button-content-wrapper\">\n\t\t\t\t\t\t<span class=\"elementor-button-text\">Skontaktuj si\u0119 z nami<\/span>\n\t\t<\/span>\n\t\t\t\t\t<\/a>\n\t\t<\/div>\n\t\t\t\t<\/div>\n\t\t\t\t<\/div>\n\t\t\t\t<div class=\"elementor-element elementor-element-b5bad5a elementor-widget elementor-widget-spacer\" data-id=\"b5bad5a\" data-element_type=\"widget\" data-widget_type=\"spacer.default\">\n\t\t\t\t<div class=\"elementor-widget-container\">\n\t\t\t\t\t<div class=\"elementor-spacer\">\n\t\t\t<div class=\"elementor-spacer-inner\"><\/div>\n\t\t<\/div>\n\t\t\t\t<\/div>\n\t\t\t\t<\/div>\n\t\t\t\t\t<\/div>\n\t\t<\/div>\n\t\t\t\t\t\t\t<\/div>\n\t\t<\/section>\n\t\t\t\t<section class=\"elementor-section elementor-top-section elementor-element elementor-element-da0ca59 elementor-section-boxed elementor-section-height-default elementor-section-height-default\" data-id=\"da0ca59\" data-element_type=\"section\" data-settings=\"{&quot;background_background&quot;:&quot;classic&quot;}\">\n\t\t\t\t\t\t\t<div class=\"elementor-background-overlay\"><\/div>\n\t\t\t\t\t\t\t<div class=\"elementor-container elementor-column-gap-default\">\n\t\t\t\t\t<div class=\"elementor-column elementor-col-100 elementor-top-column elementor-element elementor-element-2852086\" data-id=\"2852086\" data-element_type=\"column\">\n\t\t\t<div class=\"elementor-widget-wrap elementor-element-populated\">\n\t\t\t\t\t\t\t\t<div class=\"elementor-element elementor-element-4b8f0d1 elementor-widget elementor-widget-spacer\" data-id=\"4b8f0d1\" data-element_type=\"widget\" data-widget_type=\"spacer.default\">\n\t\t\t\t<div class=\"elementor-widget-container\">\n\t\t\t\t\t<div class=\"elementor-spacer\">\n\t\t\t<div class=\"elementor-spacer-inner\"><\/div>\n\t\t<\/div>\n\t\t\t\t<\/div>\n\t\t\t\t<\/div>\n\t\t\t\t<div class=\"elementor-element elementor-element-49f12a2 elementor-widget elementor-widget-heading\" data-id=\"49f12a2\" data-element_type=\"widget\" data-widget_type=\"heading.default\">\n\t\t\t\t<div class=\"elementor-widget-container\">\n\t\t\t<h2 class=\"elementor-heading-title elementor-size-default\">...trzymamy \u0142ap\u0119 na pulsie.<\/h2>\t\t<\/div>\n\t\t\t\t<\/div>\n\t\t\t\t<div class=\"elementor-element elementor-element-c62aa4a elementor-widget elementor-widget-spacer\" data-id=\"c62aa4a\" data-element_type=\"widget\" data-widget_type=\"spacer.default\">\n\t\t\t\t<div class=\"elementor-widget-container\">\n\t\t\t\t\t<div class=\"elementor-spacer\">\n\t\t\t<div class=\"elementor-spacer-inner\"><\/div>\n\t\t<\/div>\n\t\t\t\t<\/div>\n\t\t\t\t<\/div>\n\t\t\t\t\t<\/div>\n\t\t<\/div>\n\t\t\t\t\t\t\t<\/div>\n\t\t<\/section>\n\t\t\t\t\t\t\t<\/div>\n\t\t","protected":false},"excerpt":{"rendered":"<p>Z mi\u0142o\u015bci do zwierz\u0105t&#8230; O NAS Pocz\u0105tki Rodzinnej Przychodni Weterynaryjnej si\u0119gaj\u0105 wielu lat wstecz, kiedy marzyli\u015bmy o tym kim b\u0119dziemy w przysz\u0142o\u015bci. Wszystkie te plany mia\u0142y wsp\u00f3lny cel, niesienie pomocy zwierz\u0119tom. Rezultatem tych m\u0142odzie\u0144czych marze\u0144 jest Rodzinna Przychodnia Weterynaryjna. Nasz Zesp\u00f3\u0142 sk\u0142ada si\u0119 z lekarzy weterynarii oraz techniczki weterynarii, pe\u0142nych empatii i zaanga\u017cowania, jak r\u00f3wnie\u017c&hellip;<\/p>\n","protected":false},"author":1,"featured_media":0,"parent":0,"menu_order":0,"comment_status":"closed","ping_status":"closed","template":"","meta":{"footnotes":""},"class_list":["post-310","page","type-page","status-publish","hentry"],"_links":{"self":[{"href":"https:\/\/www.rodzinnawet.pl\/index.php\/wp-json\/wp\/v2\/pages\/310","targetHints":{"allow":["GET"]}}],"collection":[{"href":"https:\/\/www.rodzinnawet.pl\/index.php\/wp-json\/wp\/v2\/pages"}],"about":[{"href":"https:\/\/www.rodzinnawet.pl\/index.php\/wp-json\/wp\/v2\/types\/page"}],"author":[{"embeddable":true,"href":"https:\/\/www.rodzinnawet.pl\/index.php\/wp-json\/wp\/v2\/users\/1"}],"replies":[{"embeddable":true,"href":"https:\/\/www.rodzinnawet.pl\/index.php\/wp-json\/wp\/v2\/comments?post=310"}],"version-history":[{"count":19,"href":"https:\/\/www.rodzinnawet.pl\/index.php\/wp-json\/wp\/v2\/pages\/310\/revisions"}],"predecessor-version":[{"id":909,"href":"https:\/\/www.rodzinnawet.pl\/index.php\/wp-json\/wp\/v2\/pages\/310\/revisions\/909"}],"wp:attachment":[{"href":"https:\/\/www.rodzinnawet.pl\/index.php\/wp-json\/wp\/v2\/media?parent=310"}],"curies":[{"name":"wp","href":"https:\/\/api.w.org\/{rel}","templated":true}]}}