{"id":648,"date":"2021-12-19T18:46:18","date_gmt":"2021-12-19T18:46:18","guid":{"rendered":"https:\/\/www.rodzinnawet.pl\/?page_id=648"},"modified":"2021-12-29T22:17:04","modified_gmt":"2021-12-29T22:17:04","slug":"interna","status":"publish","type":"page","link":"https:\/\/www.rodzinnawet.pl\/index.php\/interna\/","title":{"rendered":"Interna"},"content":{"rendered":"\t\t<div data-elementor-type=\"wp-page\" data-elementor-id=\"648\" class=\"elementor elementor-648\">\n\t\t\t\t\t\t\t\t\t<section class=\"elementor-section elementor-top-section elementor-element elementor-element-da00900 elementor-section-boxed elementor-section-height-default elementor-section-height-default\" data-id=\"da00900\" data-element_type=\"section\">\n\t\t\t\t\t\t<div class=\"elementor-container elementor-column-gap-default\">\n\t\t\t\t\t<div class=\"elementor-column elementor-col-100 elementor-top-column elementor-element elementor-element-e85c833\" data-id=\"e85c833\" data-element_type=\"column\">\n\t\t\t<div class=\"elementor-widget-wrap elementor-element-populated\">\n\t\t\t\t\t\t\t\t<div class=\"elementor-element elementor-element-493b164 elementor-widget elementor-widget-spacer\" data-id=\"493b164\" data-element_type=\"widget\" data-widget_type=\"spacer.default\">\n\t\t\t\t<div class=\"elementor-widget-container\">\n\t\t\t<style>\/*! elementor - v3.8.1 - 13-11-2022 *\/\n.elementor-column .elementor-spacer-inner{height:var(--spacer-size)}.e-con{--container-widget-width:100%}.e-con-inner>.elementor-widget-spacer,.e-con>.elementor-widget-spacer{width:var(--container-widget-width,var(--spacer-size));-ms-flex-item-align:stretch;align-self:stretch;-ms-flex-negative:0;flex-shrink:0}.e-con-inner>.elementor-widget-spacer>.elementor-widget-container,.e-con-inner>.elementor-widget-spacer>.elementor-widget-container>.elementor-spacer,.e-con>.elementor-widget-spacer>.elementor-widget-container,.e-con>.elementor-widget-spacer>.elementor-widget-container>.elementor-spacer{height:100%}.e-con-inner>.elementor-widget-spacer>.elementor-widget-container>.elementor-spacer>.elementor-spacer-inner,.e-con>.elementor-widget-spacer>.elementor-widget-container>.elementor-spacer>.elementor-spacer-inner{height:var(--container-widget-height,var(--spacer-size))}<\/style>\t\t<div class=\"elementor-spacer\">\n\t\t\t<div class=\"elementor-spacer-inner\"><\/div>\n\t\t<\/div>\n\t\t\t\t<\/div>\n\t\t\t\t<\/div>\n\t\t\t\t<div class=\"elementor-element elementor-element-3aa6705 elementor-widget elementor-widget-image\" data-id=\"3aa6705\" data-element_type=\"widget\" data-widget_type=\"image.default\">\n\t\t\t\t<div class=\"elementor-widget-container\">\n\t\t\t<style>\/*! elementor - v3.8.1 - 13-11-2022 *\/\n.elementor-widget-image{text-align:center}.elementor-widget-image a{display:inline-block}.elementor-widget-image a img[src$=\".svg\"]{width:48px}.elementor-widget-image img{vertical-align:middle;display:inline-block}<\/style>\t\t\t\t\t\t\t\t\t\t\t\t<img decoding=\"async\" src=\"https:\/\/www.rodzinnawet.pl\/wp-content\/uploads\/elementor\/thumbs\/rodzinna_interna-pi8wigtmho2dhz72cqopyzix7lpzcx93rruk0d0j5w.png\" title=\"rodzinna_interna\" alt=\"rodzinna_interna\" \/>\t\t\t\t\t\t\t\t\t\t\t\t\t\t\t<\/div>\n\t\t\t\t<\/div>\n\t\t\t\t<div class=\"elementor-element elementor-element-1218b1c elementor-widget elementor-widget-heading\" data-id=\"1218b1c\" data-element_type=\"widget\" data-widget_type=\"heading.default\">\n\t\t\t\t<div class=\"elementor-widget-container\">\n\t\t\t<style>\/*! elementor - v3.8.1 - 13-11-2022 *\/\n.elementor-heading-title{padding:0;margin:0;line-height:1}.elementor-widget-heading .elementor-heading-title[class*=elementor-size-]>a{color:inherit;font-size:inherit;line-height:inherit}.elementor-widget-heading .elementor-heading-title.elementor-size-small{font-size:15px}.elementor-widget-heading .elementor-heading-title.elementor-size-medium{font-size:19px}.elementor-widget-heading .elementor-heading-title.elementor-size-large{font-size:29px}.elementor-widget-heading .elementor-heading-title.elementor-size-xl{font-size:39px}.elementor-widget-heading .elementor-heading-title.elementor-size-xxl{font-size:59px}<\/style><h2 class=\"elementor-heading-title elementor-size-default\">INTERNA<\/h2>\t\t<\/div>\n\t\t\t\t<\/div>\n\t\t\t\t<div class=\"elementor-element elementor-element-a8e36b1 elementor-widget elementor-widget-spacer\" data-id=\"a8e36b1\" data-element_type=\"widget\" data-widget_type=\"spacer.default\">\n\t\t\t\t<div class=\"elementor-widget-container\">\n\t\t\t\t\t<div class=\"elementor-spacer\">\n\t\t\t<div class=\"elementor-spacer-inner\"><\/div>\n\t\t<\/div>\n\t\t\t\t<\/div>\n\t\t\t\t<\/div>\n\t\t\t\t<div class=\"elementor-element elementor-element-bddccc0 elementor-widget elementor-widget-text-editor\" data-id=\"bddccc0\" data-element_type=\"widget\" data-widget_type=\"text-editor.default\">\n\t\t\t\t<div class=\"elementor-widget-container\">\n\t\t\t<style>\/*! elementor - v3.8.1 - 13-11-2022 *\/\n.elementor-widget-text-editor.elementor-drop-cap-view-stacked .elementor-drop-cap{background-color:#818a91;color:#fff}.elementor-widget-text-editor.elementor-drop-cap-view-framed .elementor-drop-cap{color:#818a91;border:3px solid;background-color:transparent}.elementor-widget-text-editor:not(.elementor-drop-cap-view-default) .elementor-drop-cap{margin-top:8px}.elementor-widget-text-editor:not(.elementor-drop-cap-view-default) .elementor-drop-cap-letter{width:1em;height:1em}.elementor-widget-text-editor .elementor-drop-cap{float:left;text-align:center;line-height:1;font-size:50px}.elementor-widget-text-editor .elementor-drop-cap-letter{display:inline-block}<\/style>\t\t\t\t<p>Interna, inaczej zwana chorobami wewn\u0119trznymi, to obszerny dzia\u0142 medycyny weterynaryjnej.\u00a0Dzi\u0119ki szerokiej wiedzy i do\u015bwiadczeniu nasi lekarze weterynarii zapewniaj\u0105 wszechstronn\u0105 pomoc<\/p><p>swoim pacjentom, koordynuj\u0105 proces diagnostyczny i terapeutyczny.<\/p><p><b>W sk\u0142ad dzia\u0142u choroby wewn\u0119trzne wchodz\u0105:<\/b><\/p><p><strong>\u2022 gastroenterologia<\/strong><\/p><p><strong>\u2022 hepatologia<\/strong><\/p><p><strong>\u2022 endokrynologia<\/strong><\/p><p><strong>\u2022 urologia<\/strong><\/p><p><strong>\u2022 nefrologia<\/strong><\/p><p><strong>\u2022 pulmonologia<\/strong><\/p><p><strong>\u2022 kardiologia<\/strong><\/p><p><strong>\u2022 ginekologia<\/strong><\/p><p><strong>\u2022 onkologia<\/strong><\/p><p>Lekarz internista to lekarz o holistycznym podej\u015bciu, kt\u00f3ry niejednokrotnie musi dobra\u0107 terapi\u0119 u\u00a0pacjent\u00f3w z uszkodzeniem dw\u00f3ch lub paru narz\u0105d\u00f3w, tak, aby by\u0142a najlepsza dla pacjenta. Warto wybra\u0107\u00a0sobie jednego lekarza prowadz\u0105cego- pomaga to w ocenie stanu zdrowia Pa\u0144stwa pupila. My tak\u017ce\u00a0z\u017cywamy si\u0119 ze swoimi pacjentami:)<\/p>\t\t\t\t\t\t<\/div>\n\t\t\t\t<\/div>\n\t\t\t\t\t<\/div>\n\t\t<\/div>\n\t\t\t\t\t\t\t<\/div>\n\t\t<\/section>\n\t\t\t\t<section class=\"elementor-section elementor-top-section elementor-element elementor-element-f291ca2 elementor-section-boxed elementor-section-height-default elementor-section-height-default\" data-id=\"f291ca2\" data-element_type=\"section\">\n\t\t\t\t\t\t<div class=\"elementor-container elementor-column-gap-default\">\n\t\t\t\t\t<div class=\"elementor-column elementor-col-100 elementor-top-column elementor-element elementor-element-1112ac6\" data-id=\"1112ac6\" data-element_type=\"column\">\n\t\t\t<div class=\"elementor-widget-wrap elementor-element-populated\">\n\t\t\t\t\t\t\t\t<div class=\"elementor-element elementor-element-7030bd2 elementor-widget elementor-widget-text-editor\" data-id=\"7030bd2\" data-element_type=\"widget\" data-widget_type=\"text-editor.default\">\n\t\t\t\t<div class=\"elementor-widget-container\">\n\t\t\t\t\t\t\t<h1><strong>Zapraszamy!<\/strong><\/h1>\t\t\t\t\t\t<\/div>\n\t\t\t\t<\/div>\n\t\t\t\t<div class=\"elementor-element elementor-element-5b95e53 elementor-align-center elementor-widget elementor-widget-button\" data-id=\"5b95e53\" data-element_type=\"widget\" data-widget_type=\"button.default\">\n\t\t\t\t<div class=\"elementor-widget-container\">\n\t\t\t\t\t<div class=\"elementor-button-wrapper\">\n\t\t\t<a href=\"\" class=\"elementor-button-link elementor-button elementor-size-sm\" role=\"button\">\n\t\t\t\t\t\t<span class=\"elementor-button-content-wrapper\">\n\t\t\t\t\t\t<span class=\"elementor-button-text\">Skontaktuj si\u0119 z nami<\/span>\n\t\t<\/span>\n\t\t\t\t\t<\/a>\n\t\t<\/div>\n\t\t\t\t<\/div>\n\t\t\t\t<\/div>\n\t\t\t\t<div class=\"elementor-element elementor-element-b5bad5a elementor-widget elementor-widget-spacer\" data-id=\"b5bad5a\" data-element_type=\"widget\" data-widget_type=\"spacer.default\">\n\t\t\t\t<div class=\"elementor-widget-container\">\n\t\t\t\t\t<div class=\"elementor-spacer\">\n\t\t\t<div class=\"elementor-spacer-inner\"><\/div>\n\t\t<\/div>\n\t\t\t\t<\/div>\n\t\t\t\t<\/div>\n\t\t\t\t\t<\/div>\n\t\t<\/div>\n\t\t\t\t\t\t\t<\/div>\n\t\t<\/section>\n\t\t\t\t<section class=\"elementor-section elementor-top-section elementor-element elementor-element-56c94ee elementor-section-boxed elementor-section-height-default elementor-section-height-default\" data-id=\"56c94ee\" data-element_type=\"section\">\n\t\t\t\t\t\t<div class=\"elementor-container elementor-column-gap-default\">\n\t\t\t\t\t<div class=\"elementor-column elementor-col-100 elementor-top-column elementor-element elementor-element-413cb3f\" data-id=\"413cb3f\" data-element_type=\"column\">\n\t\t\t<div class=\"elementor-widget-wrap elementor-element-populated\">\n\t\t\t\t\t\t\t\t<div class=\"elementor-element elementor-element-d399eb3 elementor-widget elementor-widget-heading\" data-id=\"d399eb3\" data-element_type=\"widget\" data-widget_type=\"heading.default\">\n\t\t\t\t<div class=\"elementor-widget-container\">\n\t\t\t<h2 class=\"elementor-heading-title elementor-size-default\">Pozosta\u0142e us\u0142ugi<\/h2>\t\t<\/div>\n\t\t\t\t<\/div>\n\t\t\t\t\t<\/div>\n\t\t<\/div>\n\t\t\t\t\t\t\t<\/div>\n\t\t<\/section>\n\t\t\t\t<section class=\"elementor-section elementor-top-section elementor-element elementor-element-36d8e17 elementor-section-boxed elementor-section-height-default elementor-section-height-default\" data-id=\"36d8e17\" data-element_type=\"section\">\n\t\t\t\t\t\t<div class=\"elementor-container elementor-column-gap-default\">\n\t\t\t\t\t<div class=\"elementor-column elementor-col-11 elementor-top-column elementor-element elementor-element-f6f1dc8\" data-id=\"f6f1dc8\" data-element_type=\"column\">\n\t\t\t<div class=\"elementor-widget-wrap elementor-element-populated\">\n\t\t\t\t\t\t\t\t<div class=\"elementor-element elementor-element-d22963b elementor-widget elementor-widget-image\" data-id=\"d22963b\" data-element_type=\"widget\" data-widget_type=\"image.default\">\n\t\t\t\t<div class=\"elementor-widget-container\">\n\t\t\t\t\t\t\t\t\t\t\t\t<figure class=\"wp-caption\">\n\t\t\t\t\t\t\t\t\t\t\t<a href=\"https:\/\/www.rodzinnawet.pl\/index.php\/kardiologia\/\">\n\t\t\t\t\t\t\t<img loading=\"lazy\" decoding=\"async\" width=\"150\" height=\"150\" src=\"https:\/\/www.rodzinnawet.pl\/wp-content\/uploads\/2021\/12\/rodzinna_kardio-1-150x150.png\" class=\"attachment-thumbnail size-thumbnail\" alt=\"\" srcset=\"https:\/\/www.rodzinnawet.pl\/wp-content\/uploads\/2021\/12\/rodzinna_kardio-1-150x150.png 150w, https:\/\/www.rodzinnawet.pl\/wp-content\/uploads\/2021\/12\/rodzinna_kardio-1-300x300.png 300w, https:\/\/www.rodzinnawet.pl\/wp-content\/uploads\/2021\/12\/rodzinna_kardio-1.png 727w\" sizes=\"auto, (max-width: 150px) 100vw, 150px\" \/>\t\t\t\t\t\t\t\t<\/a>\n\t\t\t\t\t\t\t\t\t\t\t<figcaption class=\"widget-image-caption wp-caption-text\">Kardiologia<\/figcaption>\n\t\t\t\t\t\t\t\t\t\t<\/figure>\n\t\t\t\t\t\t\t\t\t<\/div>\n\t\t\t\t<\/div>\n\t\t\t\t\t<\/div>\n\t\t<\/div>\n\t\t\t\t<div class=\"elementor-column elementor-col-11 elementor-top-column elementor-element elementor-element-6aeaac4\" data-id=\"6aeaac4\" data-element_type=\"column\">\n\t\t\t<div class=\"elementor-widget-wrap elementor-element-populated\">\n\t\t\t\t\t\t\t\t<div class=\"elementor-element elementor-element-e183a2a elementor-widget elementor-widget-image\" data-id=\"e183a2a\" data-element_type=\"widget\" data-widget_type=\"image.default\">\n\t\t\t\t<div class=\"elementor-widget-container\">\n\t\t\t\t\t\t\t\t\t\t\t\t<figure class=\"wp-caption\">\n\t\t\t\t\t\t\t\t\t\t\t<a href=\"https:\/\/www.rodzinnawet.pl\/index.php\/chirurgia-2\/\">\n\t\t\t\t\t\t\t<img loading=\"lazy\" decoding=\"async\" width=\"150\" height=\"150\" src=\"https:\/\/www.rodzinnawet.pl\/wp-content\/uploads\/2021\/12\/rodzinna_chirurgia-150x150.png\" class=\"attachment-thumbnail size-thumbnail\" alt=\"\" srcset=\"https:\/\/www.rodzinnawet.pl\/wp-content\/uploads\/2021\/12\/rodzinna_chirurgia-150x150.png 150w, https:\/\/www.rodzinnawet.pl\/wp-content\/uploads\/2021\/12\/rodzinna_chirurgia-300x300.png 300w, https:\/\/www.rodzinnawet.pl\/wp-content\/uploads\/2021\/12\/rodzinna_chirurgia.png 727w\" sizes=\"auto, (max-width: 150px) 100vw, 150px\" \/>\t\t\t\t\t\t\t\t<\/a>\n\t\t\t\t\t\t\t\t\t\t\t<figcaption class=\"widget-image-caption wp-caption-text\">Chirurgia<\/figcaption>\n\t\t\t\t\t\t\t\t\t\t<\/figure>\n\t\t\t\t\t\t\t\t\t<\/div>\n\t\t\t\t<\/div>\n\t\t\t\t\t<\/div>\n\t\t<\/div>\n\t\t\t\t<div class=\"elementor-column elementor-col-11 elementor-top-column elementor-element elementor-element-0b0f0ef\" data-id=\"0b0f0ef\" data-element_type=\"column\">\n\t\t\t<div class=\"elementor-widget-wrap elementor-element-populated\">\n\t\t\t\t\t\t\t\t<div class=\"elementor-element elementor-element-19195db elementor-widget elementor-widget-image\" data-id=\"19195db\" data-element_type=\"widget\" data-widget_type=\"image.default\">\n\t\t\t\t<div class=\"elementor-widget-container\">\n\t\t\t\t\t\t\t\t\t\t\t\t<figure class=\"wp-caption\">\n\t\t\t\t\t\t\t\t\t\t\t<a href=\"https:\/\/www.rodzinnawet.pl\/index.php\/dermatologia\/\">\n\t\t\t\t\t\t\t<img loading=\"lazy\" decoding=\"async\" width=\"150\" height=\"150\" src=\"https:\/\/www.rodzinnawet.pl\/wp-content\/uploads\/2021\/12\/rodzinna_derma-150x150.png\" class=\"attachment-thumbnail size-thumbnail\" alt=\"\" srcset=\"https:\/\/www.rodzinnawet.pl\/wp-content\/uploads\/2021\/12\/rodzinna_derma-150x150.png 150w, https:\/\/www.rodzinnawet.pl\/wp-content\/uploads\/2021\/12\/rodzinna_derma-300x300.png 300w, https:\/\/www.rodzinnawet.pl\/wp-content\/uploads\/2021\/12\/rodzinna_derma.png 728w\" sizes=\"auto, (max-width: 150px) 100vw, 150px\" \/>\t\t\t\t\t\t\t\t<\/a>\n\t\t\t\t\t\t\t\t\t\t\t<figcaption class=\"widget-image-caption wp-caption-text\">Dermatologia<\/figcaption>\n\t\t\t\t\t\t\t\t\t\t<\/figure>\n\t\t\t\t\t\t\t\t\t<\/div>\n\t\t\t\t<\/div>\n\t\t\t\t\t<\/div>\n\t\t<\/div>\n\t\t\t\t<div class=\"elementor-column elementor-col-11 elementor-top-column elementor-element elementor-element-59f1067\" data-id=\"59f1067\" data-element_type=\"column\">\n\t\t\t<div class=\"elementor-widget-wrap elementor-element-populated\">\n\t\t\t\t\t\t\t\t<div class=\"elementor-element elementor-element-607a348 elementor-widget elementor-widget-image\" data-id=\"607a348\" data-element_type=\"widget\" data-widget_type=\"image.default\">\n\t\t\t\t<div class=\"elementor-widget-container\">\n\t\t\t\t\t\t\t\t\t\t\t\t<figure class=\"wp-caption\">\n\t\t\t\t\t\t\t\t\t\t\t<a href=\"https:\/\/www.rodzinnawet.pl\/index.php\/stomatologia\/\">\n\t\t\t\t\t\t\t<img loading=\"lazy\" decoding=\"async\" width=\"150\" height=\"150\" src=\"https:\/\/www.rodzinnawet.pl\/wp-content\/uploads\/2021\/12\/rodzinna_stoma-150x150.png\" class=\"attachment-thumbnail size-thumbnail\" alt=\"\" srcset=\"https:\/\/www.rodzinnawet.pl\/wp-content\/uploads\/2021\/12\/rodzinna_stoma-150x150.png 150w, https:\/\/www.rodzinnawet.pl\/wp-content\/uploads\/2021\/12\/rodzinna_stoma-300x300.png 300w, https:\/\/www.rodzinnawet.pl\/wp-content\/uploads\/2021\/12\/rodzinna_stoma.png 728w\" sizes=\"auto, (max-width: 150px) 100vw, 150px\" \/>\t\t\t\t\t\t\t\t<\/a>\n\t\t\t\t\t\t\t\t\t\t\t<figcaption class=\"widget-image-caption wp-caption-text\">Stomatologia<\/figcaption>\n\t\t\t\t\t\t\t\t\t\t<\/figure>\n\t\t\t\t\t\t\t\t\t<\/div>\n\t\t\t\t<\/div>\n\t\t\t\t\t<\/div>\n\t\t<\/div>\n\t\t\t\t<div class=\"elementor-column elementor-col-11 elementor-top-column elementor-element elementor-element-45d5e41\" data-id=\"45d5e41\" data-element_type=\"column\">\n\t\t\t<div class=\"elementor-widget-wrap elementor-element-populated\">\n\t\t\t\t\t\t\t\t<div class=\"elementor-element elementor-element-10f3baf elementor-widget elementor-widget-image\" data-id=\"10f3baf\" data-element_type=\"widget\" data-widget_type=\"image.default\">\n\t\t\t\t<div class=\"elementor-widget-container\">\n\t\t\t\t\t\t\t\t\t\t\t\t<figure class=\"wp-caption\">\n\t\t\t\t\t\t\t\t\t\t\t<a href=\"https:\/\/www.rodzinnawet.pl\/index.php\/profilaktyka\/\">\n\t\t\t\t\t\t\t<img loading=\"lazy\" decoding=\"async\" width=\"150\" height=\"150\" src=\"https:\/\/www.rodzinnawet.pl\/wp-content\/uploads\/2021\/12\/rodzinna_profilaktyka-150x150.png\" class=\"attachment-thumbnail size-thumbnail\" alt=\"\" srcset=\"https:\/\/www.rodzinnawet.pl\/wp-content\/uploads\/2021\/12\/rodzinna_profilaktyka-150x150.png 150w, https:\/\/www.rodzinnawet.pl\/wp-content\/uploads\/2021\/12\/rodzinna_profilaktyka-300x300.png 300w, https:\/\/www.rodzinnawet.pl\/wp-content\/uploads\/2021\/12\/rodzinna_profilaktyka.png 727w\" sizes=\"auto, (max-width: 150px) 100vw, 150px\" \/>\t\t\t\t\t\t\t\t<\/a>\n\t\t\t\t\t\t\t\t\t\t\t<figcaption class=\"widget-image-caption wp-caption-text\">Profilaktyka<\/figcaption>\n\t\t\t\t\t\t\t\t\t\t<\/figure>\n\t\t\t\t\t\t\t\t\t<\/div>\n\t\t\t\t<\/div>\n\t\t\t\t\t<\/div>\n\t\t<\/div>\n\t\t\t\t<div class=\"elementor-column elementor-col-11 elementor-top-column elementor-element elementor-element-7975c86\" data-id=\"7975c86\" data-element_type=\"column\">\n\t\t\t<div class=\"elementor-widget-wrap elementor-element-populated\">\n\t\t\t\t\t\t\t\t<div class=\"elementor-element elementor-element-977db56 elementor-widget elementor-widget-image\" data-id=\"977db56\" data-element_type=\"widget\" data-widget_type=\"image.default\">\n\t\t\t\t<div class=\"elementor-widget-container\">\n\t\t\t\t\t\t\t\t\t\t\t\t<figure class=\"wp-caption\">\n\t\t\t\t\t\t\t\t\t\t\t<a href=\"https:\/\/www.rodzinnawet.pl\/index.php\/diagnostyka-usg\/\">\n\t\t\t\t\t\t\t<img loading=\"lazy\" decoding=\"async\" width=\"150\" height=\"150\" src=\"https:\/\/www.rodzinnawet.pl\/wp-content\/uploads\/2021\/12\/rodzinna_usg-150x150.png\" class=\"attachment-thumbnail size-thumbnail\" alt=\"\" srcset=\"https:\/\/www.rodzinnawet.pl\/wp-content\/uploads\/2021\/12\/rodzinna_usg-150x150.png 150w, https:\/\/www.rodzinnawet.pl\/wp-content\/uploads\/2021\/12\/rodzinna_usg-300x300.png 300w, https:\/\/www.rodzinnawet.pl\/wp-content\/uploads\/2021\/12\/rodzinna_usg.png 727w\" sizes=\"auto, (max-width: 150px) 100vw, 150px\" \/>\t\t\t\t\t\t\t\t<\/a>\n\t\t\t\t\t\t\t\t\t\t\t<figcaption class=\"widget-image-caption wp-caption-text\">Diagnostyka USG<\/figcaption>\n\t\t\t\t\t\t\t\t\t\t<\/figure>\n\t\t\t\t\t\t\t\t\t<\/div>\n\t\t\t\t<\/div>\n\t\t\t\t\t<\/div>\n\t\t<\/div>\n\t\t\t\t<div class=\"elementor-column elementor-col-11 elementor-top-column elementor-element elementor-element-983ce24\" data-id=\"983ce24\" data-element_type=\"column\">\n\t\t\t<div class=\"elementor-widget-wrap elementor-element-populated\">\n\t\t\t\t\t\t\t\t<div class=\"elementor-element elementor-element-395e22b elementor-widget elementor-widget-image\" data-id=\"395e22b\" data-element_type=\"widget\" data-widget_type=\"image.default\">\n\t\t\t\t<div class=\"elementor-widget-container\">\n\t\t\t\t\t\t\t\t\t\t\t\t<figure class=\"wp-caption\">\n\t\t\t\t\t\t\t\t\t\t\t<a href=\"https:\/\/www.rodzinnawet.pl\/index.php\/diagnostyka-rtg\/\">\n\t\t\t\t\t\t\t<img loading=\"lazy\" decoding=\"async\" width=\"150\" height=\"150\" src=\"https:\/\/www.rodzinnawet.pl\/wp-content\/uploads\/2021\/12\/rodzinna_rtg-150x150.png\" class=\"attachment-thumbnail size-thumbnail\" alt=\"\" srcset=\"https:\/\/www.rodzinnawet.pl\/wp-content\/uploads\/2021\/12\/rodzinna_rtg-150x150.png 150w, https:\/\/www.rodzinnawet.pl\/wp-content\/uploads\/2021\/12\/rodzinna_rtg-300x300.png 300w, https:\/\/www.rodzinnawet.pl\/wp-content\/uploads\/2021\/12\/rodzinna_rtg.png 727w\" sizes=\"auto, (max-width: 150px) 100vw, 150px\" \/>\t\t\t\t\t\t\t\t<\/a>\n\t\t\t\t\t\t\t\t\t\t\t<figcaption class=\"widget-image-caption wp-caption-text\">Diagnostyka RTG<\/figcaption>\n\t\t\t\t\t\t\t\t\t\t<\/figure>\n\t\t\t\t\t\t\t\t\t<\/div>\n\t\t\t\t<\/div>\n\t\t\t\t\t<\/div>\n\t\t<\/div>\n\t\t\t\t<div class=\"elementor-column elementor-col-11 elementor-top-column elementor-element elementor-element-f9b5ef7\" data-id=\"f9b5ef7\" data-element_type=\"column\">\n\t\t\t<div class=\"elementor-widget-wrap elementor-element-populated\">\n\t\t\t\t\t\t\t\t<div class=\"elementor-element elementor-element-2f7dc4e elementor-widget elementor-widget-image\" data-id=\"2f7dc4e\" data-element_type=\"widget\" data-widget_type=\"image.default\">\n\t\t\t\t<div class=\"elementor-widget-container\">\n\t\t\t\t\t\t\t\t\t\t\t\t<figure class=\"wp-caption\">\n\t\t\t\t\t\t\t\t\t\t\t<a href=\"https:\/\/www.rodzinnawet.pl\/index.php\/diagnostyka-laboratoryjna\/\">\n\t\t\t\t\t\t\t<img loading=\"lazy\" decoding=\"async\" width=\"150\" height=\"150\" src=\"https:\/\/www.rodzinnawet.pl\/wp-content\/uploads\/2021\/12\/rodzinna_laboratoryjna-150x150.png\" class=\"attachment-thumbnail size-thumbnail\" alt=\"\" srcset=\"https:\/\/www.rodzinnawet.pl\/wp-content\/uploads\/2021\/12\/rodzinna_laboratoryjna-150x150.png 150w, https:\/\/www.rodzinnawet.pl\/wp-content\/uploads\/2021\/12\/rodzinna_laboratoryjna-300x300.png 300w, https:\/\/www.rodzinnawet.pl\/wp-content\/uploads\/2021\/12\/rodzinna_laboratoryjna.png 727w\" sizes=\"auto, (max-width: 150px) 100vw, 150px\" \/>\t\t\t\t\t\t\t\t<\/a>\n\t\t\t\t\t\t\t\t\t\t\t<figcaption class=\"widget-image-caption wp-caption-text\">Diagnostyka laboratoryjna<\/figcaption>\n\t\t\t\t\t\t\t\t\t\t<\/figure>\n\t\t\t\t\t\t\t\t\t<\/div>\n\t\t\t\t<\/div>\n\t\t\t\t\t<\/div>\n\t\t<\/div>\n\t\t\t\t<div class=\"elementor-column elementor-col-11 elementor-top-column elementor-element elementor-element-52c8b7f\" data-id=\"52c8b7f\" data-element_type=\"column\">\n\t\t\t<div class=\"elementor-widget-wrap elementor-element-populated\">\n\t\t\t\t\t\t\t\t<div class=\"elementor-element elementor-element-e84a8c7 elementor-widget elementor-widget-image\" data-id=\"e84a8c7\" data-element_type=\"widget\" data-widget_type=\"image.default\">\n\t\t\t\t<div class=\"elementor-widget-container\">\n\t\t\t\t\t\t\t\t\t\t\t\t<figure class=\"wp-caption\">\n\t\t\t\t\t\t\t\t\t\t\t<a href=\"https:\/\/www.rodzinnawet.pl\/index.php\/male-ssaki\/\">\n\t\t\t\t\t\t\t<img loading=\"lazy\" decoding=\"async\" width=\"150\" height=\"150\" src=\"https:\/\/www.rodzinnawet.pl\/wp-content\/uploads\/2021\/12\/rodzinna_malessaki-150x150.png\" class=\"attachment-thumbnail size-thumbnail\" alt=\"\" srcset=\"https:\/\/www.rodzinnawet.pl\/wp-content\/uploads\/2021\/12\/rodzinna_malessaki-150x150.png 150w, https:\/\/www.rodzinnawet.pl\/wp-content\/uploads\/2021\/12\/rodzinna_malessaki-300x300.png 300w, https:\/\/www.rodzinnawet.pl\/wp-content\/uploads\/2021\/12\/rodzinna_malessaki.png 728w\" sizes=\"auto, (max-width: 150px) 100vw, 150px\" \/>\t\t\t\t\t\t\t\t<\/a>\n\t\t\t\t\t\t\t\t\t\t\t<figcaption class=\"widget-image-caption wp-caption-text\">Ma\u0142e ssaki<\/figcaption>\n\t\t\t\t\t\t\t\t\t\t<\/figure>\n\t\t\t\t\t\t\t\t\t<\/div>\n\t\t\t\t<\/div>\n\t\t\t\t\t<\/div>\n\t\t<\/div>\n\t\t\t\t\t\t\t<\/div>\n\t\t<\/section>\n\t\t\t\t<section class=\"elementor-section elementor-top-section elementor-element elementor-element-667c1c2 elementor-section-boxed elementor-section-height-default elementor-section-height-default\" data-id=\"667c1c2\" data-element_type=\"section\">\n\t\t\t\t\t\t<div class=\"elementor-container elementor-column-gap-default\">\n\t\t\t\t\t<div class=\"elementor-column elementor-col-100 elementor-top-column elementor-element elementor-element-a864eb3\" data-id=\"a864eb3\" data-element_type=\"column\">\n\t\t\t<div class=\"elementor-widget-wrap elementor-element-populated\">\n\t\t\t\t\t\t\t\t<div class=\"elementor-element elementor-element-76f5b7f elementor-widget elementor-widget-spacer\" data-id=\"76f5b7f\" data-element_type=\"widget\" data-widget_type=\"spacer.default\">\n\t\t\t\t<div class=\"elementor-widget-container\">\n\t\t\t\t\t<div class=\"elementor-spacer\">\n\t\t\t<div class=\"elementor-spacer-inner\"><\/div>\n\t\t<\/div>\n\t\t\t\t<\/div>\n\t\t\t\t<\/div>\n\t\t\t\t\t<\/div>\n\t\t<\/div>\n\t\t\t\t\t\t\t<\/div>\n\t\t<\/section>\n\t\t\t\t\t\t\t<\/div>\n\t\t","protected":false},"excerpt":{"rendered":"<p>INTERNA Interna, inaczej zwana chorobami wewn\u0119trznymi, to obszerny dzia\u0142 medycyny weterynaryjnej.\u00a0Dzi\u0119ki szerokiej wiedzy i do\u015bwiadczeniu nasi lekarze weterynarii zapewniaj\u0105 wszechstronn\u0105 pomoc swoim pacjentom, koordynuj\u0105 proces diagnostyczny i terapeutyczny. W sk\u0142ad dzia\u0142u choroby wewn\u0119trzne wchodz\u0105: \u2022 gastroenterologia \u2022 hepatologia \u2022 endokrynologia \u2022 urologia \u2022 nefrologia \u2022 pulmonologia \u2022 kardiologia \u2022 ginekologia \u2022 onkologia Lekarz internista to&hellip;<\/p>\n","protected":false},"author":1,"featured_media":0,"parent":0,"menu_order":0,"comment_status":"closed","ping_status":"closed","template":"","meta":{"footnotes":""},"class_list":["post-648","page","type-page","status-publish","hentry"],"_links":{"self":[{"href":"https:\/\/www.rodzinnawet.pl\/index.php\/wp-json\/wp\/v2\/pages\/648","targetHints":{"allow":["GET"]}}],"collection":[{"href":"https:\/\/www.rodzinnawet.pl\/index.php\/wp-json\/wp\/v2\/pages"}],"about":[{"href":"https:\/\/www.rodzinnawet.pl\/index.php\/wp-json\/wp\/v2\/types\/page"}],"author":[{"embeddable":true,"href":"https:\/\/www.rodzinnawet.pl\/index.php\/wp-json\/wp\/v2\/users\/1"}],"replies":[{"embeddable":true,"href":"https:\/\/www.rodzinnawet.pl\/index.php\/wp-json\/wp\/v2\/comments?post=648"}],"version-history":[{"count":16,"href":"https:\/\/www.rodzinnawet.pl\/index.php\/wp-json\/wp\/v2\/pages\/648\/revisions"}],"predecessor-version":[{"id":846,"href":"https:\/\/www.rodzinnawet.pl\/index.php\/wp-json\/wp\/v2\/pages\/648\/revisions\/846"}],"wp:attachment":[{"href":"https:\/\/www.rodzinnawet.pl\/index.php\/wp-json\/wp\/v2\/media?parent=648"}],"curies":[{"name":"wp","href":"https:\/\/api.w.org\/{rel}","templated":true}]}}